{"id":1229,"date":"2020-04-21T07:16:33","date_gmt":"2020-04-21T07:16:33","guid":{"rendered":"https:\/\/www.twifi.ch\/produkt\/home-internet-box-basic-4g\/"},"modified":"2022-02-12T09:00:20","modified_gmt":"2022-02-12T09:00:20","slug":"home-internet-box-basic-4g","status":"publish","type":"product","link":"https:\/\/www.twifi.ch\/en\/produkt\/home-internet-box-basic-4g\/","title":{"rendered":"Home Internet Box: Basic 4G"},"content":{"rendered":"<p>Home Internet Box: Basic 4G<\/p>\n","protected":false},"excerpt":{"rendered":"<p>Home Internet Box: Basic 4G<\/p>\n","protected":false},"featured_media":587,"template":"","meta":[],"yst_prominent_words":[],"yoast_head":"<!-- This site is optimized with the Yoast SEO Premium plugin v14.1 - https:\/\/yoast.com\/wordpress\/plugins\/seo\/ -->\n<title>Home Internet Box: Basic 4G - twifi<\/title>\n<meta name=\"description\" content=\"Home Internet Box: Basic 4G - Internet 10 Mbit \/ s \u00e0 partir de CHF 24.00 - Donn\u00e9es illimit\u00e9es - Routeur WiFi 4G gratuit - Pas de dur\u00e9e minimale de contrat\" \/>\n<meta name=\"robots\" content=\"index, follow\" \/>\n<meta name=\"googlebot\" content=\"index, follow, max-snippet:-1, max-image-preview:large, max-video-preview:-1\" \/>\n<meta name=\"bingbot\" content=\"index, follow, max-snippet:-1, max-image-preview:large, max-video-preview:-1\" \/>\n<link rel=\"canonical\" href=\"https:\/\/www.twifi.ch\/en\/produkt\/home-internet-box-basic-4g\/\" \/>\n<meta property=\"og:locale\" content=\"en_US\" \/>\n<meta property=\"og:type\" content=\"article\" \/>\n<meta property=\"og:title\" content=\"Home Internet Box: Basic 4G - twifi\" \/>\n<meta property=\"og:description\" content=\"Home Internet Box: Basic 4G - Internet 10 Mbit \/ s \u00e0 partir de CHF 24.00 - Donn\u00e9es illimit\u00e9es - Routeur WiFi 4G gratuit - Pas de dur\u00e9e minimale de contrat\" \/>\n<meta property=\"og:url\" content=\"https:\/\/www.twifi.ch\/en\/produkt\/home-internet-box-basic-4g\/\" \/>\n<meta property=\"og:site_name\" content=\"twifi\" \/>\n<meta property=\"article:modified_time\" content=\"2022-02-12T09:00:20+00:00\" \/>\n<meta property=\"og:image\" content=\"https:\/\/www.twifi.ch\/app\/uploads\/2020\/04\/twifi_home-internet-box_basic-4G.png\" \/>\n\t<meta property=\"og:image:width\" content=\"339\" \/>\n\t<meta property=\"og:image:height\" content=\"351\" \/>\n<meta name=\"twitter:card\" content=\"summary_large_image\" \/>\n<script type=\"application\/ld+json\" class=\"yoast-schema-graph\">{\"@context\":\"https:\/\/schema.org\",\"@graph\":[{\"@type\":\"Organization\",\"@id\":\"https:\/\/www.twifi.ch\/en\/#organization\",\"name\":\"twifi\",\"url\":\"https:\/\/www.twifi.ch\/en\/\",\"sameAs\":[],\"logo\":{\"@type\":\"ImageObject\",\"@id\":\"https:\/\/www.twifi.ch\/en\/#logo\",\"inLanguage\":\"en-US\",\"url\":\"https:\/\/www.twifi.ch\/app\/uploads\/2020\/08\/twifi-Mobile-Internet-Provider-.png\",\"width\":3067,\"height\":960,\"caption\":\"twifi\"},\"image\":{\"@id\":\"https:\/\/www.twifi.ch\/en\/#logo\"}},{\"@type\":\"WebSite\",\"@id\":\"https:\/\/www.twifi.ch\/en\/#website\",\"url\":\"https:\/\/www.twifi.ch\/en\/\",\"name\":\"twifi\",\"description\":\"Home Internet Box - WiFi Hotspot - Daten SIM\",\"publisher\":{\"@id\":\"https:\/\/www.twifi.ch\/en\/#organization\"},\"potentialAction\":[{\"@type\":\"SearchAction\",\"target\":\"https:\/\/www.twifi.ch\/en\/?s={search_term_string}\",\"query-input\":\"required name=search_term_string\"}],\"inLanguage\":\"en-US\"},{\"@type\":\"ImageObject\",\"@id\":\"https:\/\/www.twifi.ch\/en\/produkt\/home-internet-box-basic-4g\/#primaryimage\",\"inLanguage\":\"en-US\",\"url\":\"https:\/\/www.twifi.ch\/app\/uploads\/2020\/04\/twifi_home-internet-box_basic-4G.png\",\"width\":339,\"height\":351,\"caption\":\"twifi Home Internet Box Basic 4G\"},{\"@type\":\"WebPage\",\"@id\":\"https:\/\/www.twifi.ch\/en\/produkt\/home-internet-box-basic-4g\/#webpage\",\"url\":\"https:\/\/www.twifi.ch\/en\/produkt\/home-internet-box-basic-4g\/\",\"name\":\"Home Internet Box: Basic 4G - twifi\",\"isPartOf\":{\"@id\":\"https:\/\/www.twifi.ch\/en\/#website\"},\"primaryImageOfPage\":{\"@id\":\"https:\/\/www.twifi.ch\/en\/produkt\/home-internet-box-basic-4g\/#primaryimage\"},\"datePublished\":\"2020-04-21T07:16:33+00:00\",\"dateModified\":\"2022-02-12T09:00:20+00:00\",\"description\":\"Home Internet Box: Basic 4G - Internet 10 Mbit \/ s \\u00e0 partir de CHF 24.00 - Donn\\u00e9es illimit\\u00e9es - Routeur WiFi 4G gratuit - Pas de dur\\u00e9e minimale de contrat\",\"inLanguage\":\"en-US\",\"potentialAction\":[{\"@type\":\"ReadAction\",\"target\":[\"https:\/\/www.twifi.ch\/en\/produkt\/home-internet-box-basic-4g\/\"]}]}]}<\/script>\n<!-- \/ Yoast SEO Premium plugin. -->","_links":{"self":[{"href":"https:\/\/www.twifi.ch\/en\/wp-json\/wp\/v2\/product\/1229"}],"collection":[{"href":"https:\/\/www.twifi.ch\/en\/wp-json\/wp\/v2\/product"}],"about":[{"href":"https:\/\/www.twifi.ch\/en\/wp-json\/wp\/v2\/types\/product"}],"wp:featuredmedia":[{"embeddable":true,"href":"https:\/\/www.twifi.ch\/en\/wp-json\/wp\/v2\/media\/587"}],"wp:attachment":[{"href":"https:\/\/www.twifi.ch\/en\/wp-json\/wp\/v2\/media?parent=1229"}],"wp:term":[{"taxonomy":"yst_prominent_words","embeddable":true,"href":"https:\/\/www.twifi.ch\/en\/wp-json\/wp\/v2\/yst_prominent_words?post=1229"}],"curies":[{"name":"wp","href":"https:\/\/api.w.org\/{rel}","templated":true}]}}